{"id":8,"date":"2023-12-25T07:23:42","date_gmt":"2023-12-25T06:23:42","guid":{"rendered":"https:\/\/reseau-rlocale.fr\/?page_id=8"},"modified":"2023-12-25T07:38:15","modified_gmt":"2023-12-25T06:38:15","slug":"reseau-rlocale-fr","status":"publish","type":"page","link":"https:\/\/reseau-rlocale.fr\/","title":{"rendered":"reseau-rlocale.fr"},"content":{"rendered":"\n<p class=\"has-text-align-center\">Bienvenue sur le portail officiel de l&#8217;Association R\u00e9seau Rlocale &#8211; R&#8217;Locale ! <\/p>\n\n\n\n<p class=\"has-text-align-center\"><a href=\"https:\/\/reseau-rlocale.fr\">www.reseau-rlocale.fr<\/a><\/p>\n\n\n\n<p class=\"has-text-align-center\">Association r\u00e9seau rlocale (R&#8217;LOCALE) : d\u00e9clar\u00e9e le 10\/12\/2009 en Sous-pr\u00e9fecture Saint-Germain-en-Laye (78100 &#8211; Yvelines &#8211; France). <\/p>\n\n\n\n<p class=\"has-text-align-center\">Parution au Journal Officiel de la R\u00e9publique Fran\u00e7aise du 19\/12\/2009 &#8211; RNA : W783001668 &#8211; N\u00b0 de parution : 20090051 &#8211; N\u00b0 d\u2019annonce : 1472. Lien vers JO &gt; <a href=\"https:\/\/www.journal-officiel.gouv.fr\/associations\/detail-annonce\/associations_b\/20090051\/1472?fbclid=IwAR2VD3P06eVikF9MywmjunXkHY1ULxQ_rV0AAYdboUlZnbqUI0iJejpRDPU\" target=\"_blank\" rel=\"noreferrer noopener\">https:\/\/www.journal-officiel.gouv.fr\/associations\/detail-annonce\/associations_b\/20090051\/1472<\/a> <\/p>\n\n\n<div class=\"wp-block-image\">\n<figure class=\"aligncenter size-full\"><img loading=\"lazy\" decoding=\"async\" width=\"229\" height=\"28\" src=\"https:\/\/reseau-rlocale.fr\/wp-content\/uploads\/2023\/12\/reseau-rlocale-230x30-1.png\" alt=\"\" class=\"wp-image-11\"\/><\/figure>\n<\/div>\n\n\n<hr>\n\n\n\n<h4 class=\"wp-block-heading has-text-align-center\">Ecouter Rlocale Webradio<\/h4>\n\n\n\n<center>\n<h6 class=\"has-text-align-center\">RLOCALE WEBRADIO EN DIRECT<\/h6>\n<div class=\"playerSCA\" id=\"stream1\"><\/div>\n<\/center>\n","protected":false},"excerpt":{"rendered":"<p>Bienvenue sur le portail officiel de l&#8217;Association R\u00e9seau Rlocale &#8211; R&#8217;Locale ! www.reseau-rlocale.fr Association r\u00e9seau rlocale (R&#8217;LOCALE) : d\u00e9clar\u00e9e le 10\/12\/2009 en Sous-pr\u00e9fecture Saint-Germain-en-Laye (78100 &#8211; Yvelines &#8211; France). Parution au Journal Officiel de la R\u00e9publique Fran\u00e7aise du 19\/12\/2009 &#8211; RNA : W783001668 &#8211; N\u00b0 de parution : 20090051 &#8211; N\u00b0 d\u2019annonce : 1472. Lien&#8230;<\/p>\n","protected":false},"author":1,"featured_media":0,"parent":0,"menu_order":0,"comment_status":"closed","ping_status":"closed","template":"template-full-width-page.php","meta":{"footnotes":""},"class_list":["post-8","page","type-page","status-publish","hentry"],"_links":{"self":[{"href":"https:\/\/reseau-rlocale.fr\/index.php\/wp-json\/wp\/v2\/pages\/8","targetHints":{"allow":["GET"]}}],"collection":[{"href":"https:\/\/reseau-rlocale.fr\/index.php\/wp-json\/wp\/v2\/pages"}],"about":[{"href":"https:\/\/reseau-rlocale.fr\/index.php\/wp-json\/wp\/v2\/types\/page"}],"author":[{"embeddable":true,"href":"https:\/\/reseau-rlocale.fr\/index.php\/wp-json\/wp\/v2\/users\/1"}],"replies":[{"embeddable":true,"href":"https:\/\/reseau-rlocale.fr\/index.php\/wp-json\/wp\/v2\/comments?post=8"}],"version-history":[{"count":6,"href":"https:\/\/reseau-rlocale.fr\/index.php\/wp-json\/wp\/v2\/pages\/8\/revisions"}],"predecessor-version":[{"id":23,"href":"https:\/\/reseau-rlocale.fr\/index.php\/wp-json\/wp\/v2\/pages\/8\/revisions\/23"}],"wp:attachment":[{"href":"https:\/\/reseau-rlocale.fr\/index.php\/wp-json\/wp\/v2\/media?parent=8"}],"curies":[{"name":"wp","href":"https:\/\/api.w.org\/{rel}","templated":true}]}}